{"id":46,"date":"2020-12-13T07:20:26","date_gmt":"2020-12-13T06:20:26","guid":{"rendered":"https:\/\/marym.pl\/?page_id=46"},"modified":"2020-12-13T08:26:12","modified_gmt":"2020-12-13T07:26:12","slug":"oferta","status":"publish","type":"page","link":"https:\/\/marym.pl\/?page_id=46","title":{"rendered":"Oferta"},"content":{"rendered":"\n<div class=\"wp-container-3 wp-block-columns\">\n<div class=\"wp-container-1 wp-block-column\" style=\"flex-basis:33.33%\"><\/div>\n\n\n\n<div class=\"wp-container-2 wp-block-column\" style=\"flex-basis:66.66%\">\n<ul id=\"block-d5c90111-4c4e-4ec4-8ace-193098b32e5d\"><li>wykonujemy roboty g\u00f3rnicze specjalistyczne miedzy innymi:<ul><li>dr\u0105\u017cenie kom\u00f3r<\/li><li>budowa torowisk podziemnych<\/li><li>budowa \u015bciek\u00f3w<\/li><li>wykonywanie przebudowy wyrobisk<\/li><li>wykonywanie pobierki sp\u0105gu<\/li><li>wykonywanie wzmacniania wyrobisk<\/li><\/ul><\/li><li>wykonujemy prace monta\u017cowe polegaj\u0105ce na:<ul><li>monta\u017c ruroci\u0105g\u00f3w<\/li><li>monta\u017c szynowych kolejek podwieszanych<\/li><li>monta\u017c przeno\u015bnik\u00f3w ta\u015bmowych i zgrzeb\u0142owych<\/li><\/ul><\/li><\/ul>\n<\/div>\n<\/div>\n\n\n\n<figure class=\"wp-block-image size-large\"><img loading=\"lazy\" width=\"1024\" height=\"678\" src=\"https:\/\/marym.pl\/wp-content\/uploads\/2020\/12\/mine-462318_1920-1024x678.jpg\" alt=\"\" class=\"wp-image-40\" srcset=\"https:\/\/marym.pl\/wp-content\/uploads\/2020\/12\/mine-462318_1920-1024x678.jpg 1024w, https:\/\/marym.pl\/wp-content\/uploads\/2020\/12\/mine-462318_1920-300x199.jpg 300w, https:\/\/marym.pl\/wp-content\/uploads\/2020\/12\/mine-462318_1920-768x508.jpg 768w, https:\/\/marym.pl\/wp-content\/uploads\/2020\/12\/mine-462318_1920-1536x1017.jpg 1536w, https:\/\/marym.pl\/wp-content\/uploads\/2020\/12\/mine-462318_1920-1568x1038.jpg 1568w, https:\/\/marym.pl\/wp-content\/uploads\/2020\/12\/mine-462318_1920.jpg 1920w\" sizes=\"(max-width: 1024px) 100vw, 1024px\" \/><\/figure>\n\n\n\n<p>Roboty g\u00f3rnicze przeprowadzane s\u0105 przy zastosowaniu technologii z u\u017cyciem maszyn i urz\u0105dze\u0144 przez pracownik\u00f3w o specjalistycznych kwalifikacjach. Nasz zesp\u00f3\u0142 tworz\u0105 in\u017cynierowie, technicy i g\u00f3rnicy o specjalno\u015bci: g\u00f3rniczej, mechanicznej i&nbsp; elektrycznej.<\/p>\n\n\n\n<ul><li>wykonujemy roboty g\u00f3rnicze specjalistyczne miedzy innymi:<ul><li>dr\u0105\u017cenie kom\u00f3r<\/li><li>budowa torowisk podziemnych<\/li><li>budowa \u015bciek\u00f3w<\/li><li>wykonywanie przebudowy wyrobisk<\/li><li>wykonywanie pobierki sp\u0105gu<\/li><li>wykonywanie wzmacniania wyrobisk<\/li><\/ul><\/li><li>wykonujemy prace monta\u017cowe polegaj\u0105ce na:<ul><li>monta\u017c ruroci\u0105g\u00f3w<\/li><li>monta\u017c szynowych kolejek podwieszanych<\/li><li>monta\u017c przeno\u015bnik\u00f3w ta\u015bmowych i zgrzeb\u0142owych<\/li><\/ul><\/li><\/ul>\n","protected":false},"excerpt":{"rendered":"<p>wykonujemy roboty g\u00f3rnicze specjalistyczne miedzy innymi: dr\u0105\u017cenie kom\u00f3r budowa torowisk podziemnych budowa \u015bciek\u00f3w wykonywanie przebudowy wyrobisk wykonywanie pobierki sp\u0105gu wykonywanie wzmacniania wyrobisk wykonujemy prace monta\u017cowe polegaj\u0105ce na: monta\u017c ruroci\u0105g\u00f3w monta\u017c szynowych kolejek podwieszanych monta\u017c przeno\u015bnik\u00f3w ta\u015bmowych i zgrzeb\u0142owych Roboty g\u00f3rnicze przeprowadzane s\u0105 przy zastosowaniu technologii z u\u017cyciem maszyn i urz\u0105dze\u0144 przez pracownik\u00f3w o specjalistycznych kwalifikacjach.&hellip; <a class=\"more-link\" href=\"https:\/\/marym.pl\/?page_id=46\">Czytaj dalej <span class=\"screen-reader-text\">Oferta<\/span><\/a><\/p>\n","protected":false},"author":1,"featured_media":0,"parent":0,"menu_order":0,"comment_status":"closed","ping_status":"closed","template":"","meta":[],"_links":{"self":[{"href":"https:\/\/marym.pl\/index.php?rest_route=\/wp\/v2\/pages\/46"}],"collection":[{"href":"https:\/\/marym.pl\/index.php?rest_route=\/wp\/v2\/pages"}],"about":[{"href":"https:\/\/marym.pl\/index.php?rest_route=\/wp\/v2\/types\/page"}],"author":[{"embeddable":true,"href":"https:\/\/marym.pl\/index.php?rest_route=\/wp\/v2\/users\/1"}],"replies":[{"embeddable":true,"href":"https:\/\/marym.pl\/index.php?rest_route=%2Fwp%2Fv2%2Fcomments&post=46"}],"version-history":[{"count":2,"href":"https:\/\/marym.pl\/index.php?rest_route=\/wp\/v2\/pages\/46\/revisions"}],"predecessor-version":[{"id":49,"href":"https:\/\/marym.pl\/index.php?rest_route=\/wp\/v2\/pages\/46\/revisions\/49"}],"wp:attachment":[{"href":"https:\/\/marym.pl\/index.php?rest_route=%2Fwp%2Fv2%2Fmedia&parent=46"}],"curies":[{"name":"wp","href":"https:\/\/api.w.org\/{rel}","templated":true}]}}