{"id":6,"date":"2020-12-12T15:59:21","date_gmt":"2020-12-12T14:59:21","guid":{"rendered":"https:\/\/marym.pl\/?page_id=6"},"modified":"2020-12-13T08:18:32","modified_gmt":"2020-12-13T07:18:32","slug":"create-your-website-with-blocks","status":"publish","type":"page","link":"https:\/\/marym.pl\/","title":{"rendered":"Roboty G\u00f3rnicze"},"content":{"rendered":"\n<div class=\"wp-block-media-text alignwide is-stacked-on-mobile\" style=\"grid-template-columns:37% auto\"><figure class=\"wp-block-media-text__media\"><img loading=\"lazy\" width=\"1024\" height=\"768\" src=\"https:\/\/marym.pl\/wp-content\/uploads\/2020\/12\/pit-1159456_1920-1024x768.jpg\" alt=\"\" class=\"wp-image-58 size-full\" srcset=\"https:\/\/marym.pl\/wp-content\/uploads\/2020\/12\/pit-1159456_1920-1024x768.jpg 1024w, https:\/\/marym.pl\/wp-content\/uploads\/2020\/12\/pit-1159456_1920-300x225.jpg 300w, https:\/\/marym.pl\/wp-content\/uploads\/2020\/12\/pit-1159456_1920-768x576.jpg 768w, https:\/\/marym.pl\/wp-content\/uploads\/2020\/12\/pit-1159456_1920-1536x1152.jpg 1536w, https:\/\/marym.pl\/wp-content\/uploads\/2020\/12\/pit-1159456_1920-1568x1176.jpg 1568w, https:\/\/marym.pl\/wp-content\/uploads\/2020\/12\/pit-1159456_1920.jpg 1920w\" sizes=\"(max-width: 1024px) 100vw, 1024px\" \/><\/figure><div class=\"wp-block-media-text__content\">\n<p class=\"has-large-font-size\">Jeste\u015bmy m\u0142od\u0105 lecz pr\u0119\u017cnie dzia\u0142aj\u0105c\u0105 firm\u0105 bran\u017cy g\u00f3rniczej. Nasza dzia\u0142alno\u015b\u0107 g\u0142\u00f3wnie skupia si\u0119 na us\u0142ugach remontowych i konserwacyjnych maszyn i wyrobisk g\u00f3rniczych.<\/p>\n<\/div><\/div>\n\n\n\n<div class=\"wp-block-media-text alignwide has-media-on-the-right is-stacked-on-mobile\"><figure class=\"wp-block-media-text__media\"><img loading=\"lazy\" width=\"1024\" height=\"678\" src=\"https:\/\/marym.pl\/wp-content\/uploads\/2020\/12\/mine-462318_1920-1-1024x678.jpg\" alt=\"\" class=\"wp-image-42 size-full\" srcset=\"https:\/\/marym.pl\/wp-content\/uploads\/2020\/12\/mine-462318_1920-1-1024x678.jpg 1024w, https:\/\/marym.pl\/wp-content\/uploads\/2020\/12\/mine-462318_1920-1-300x199.jpg 300w, https:\/\/marym.pl\/wp-content\/uploads\/2020\/12\/mine-462318_1920-1-768x508.jpg 768w, https:\/\/marym.pl\/wp-content\/uploads\/2020\/12\/mine-462318_1920-1-1536x1017.jpg 1536w, https:\/\/marym.pl\/wp-content\/uploads\/2020\/12\/mine-462318_1920-1-1568x1038.jpg 1568w, https:\/\/marym.pl\/wp-content\/uploads\/2020\/12\/mine-462318_1920-1.jpg 1920w\" sizes=\"(max-width: 1024px) 100vw, 1024px\" \/><\/figure><div class=\"wp-block-media-text__content\">\n<p class=\"has-large-font-size\">Wachlarz \u015bwiadczonych us\u0142ug obejmuje r\u00f3wnie\u017c kompleksowe doradztwo w kwestiach wydobywczych. Nasz personel korzystaj\u0105c ze swojej wiedzy jak i zdobytego do\u015bwiadczenia pomo\u017ce pa\u0144stwu dobra\u0107 najlepszy sprz\u0119t do prowadzonych przez pa\u0144stwa prac, zar\u00f3wno w kwestii sprz\u0119tu ci\u0119\u017ckiego jak i potrzebnego osprz\u0119tu.<\/p>\n<\/div><\/div>\n\n\n\n<div class=\"wp-block-media-text alignwide is-stacked-on-mobile\" style=\"grid-template-columns:40% auto\"><figure class=\"wp-block-media-text__media\"><img loading=\"lazy\" width=\"1024\" height=\"685\" src=\"https:\/\/marym.pl\/wp-content\/uploads\/2020\/12\/tractor-1249025_1920-1024x685.jpg\" alt=\"\" class=\"wp-image-63 size-full\" srcset=\"https:\/\/marym.pl\/wp-content\/uploads\/2020\/12\/tractor-1249025_1920-1024x685.jpg 1024w, https:\/\/marym.pl\/wp-content\/uploads\/2020\/12\/tractor-1249025_1920-300x201.jpg 300w, https:\/\/marym.pl\/wp-content\/uploads\/2020\/12\/tractor-1249025_1920-768x514.jpg 768w, https:\/\/marym.pl\/wp-content\/uploads\/2020\/12\/tractor-1249025_1920-1536x1028.jpg 1536w, https:\/\/marym.pl\/wp-content\/uploads\/2020\/12\/tractor-1249025_1920-1568x1049.jpg 1568w, https:\/\/marym.pl\/wp-content\/uploads\/2020\/12\/tractor-1249025_1920.jpg 1920w\" sizes=\"(max-width: 1024px) 100vw, 1024px\" \/><\/figure><div class=\"wp-block-media-text__content\">\n<p class=\"has-large-font-size\">Obok us\u0142ug nasza firma oferuje szerok\u0105 gam\u0119 osprz\u0119tu z sektora metalowo maszynowego. Ponadto w naszym asortymencie mo\u017cna znale\u017a\u0107 narz\u0119dzia wiertnicze, cz\u0119\u015bci do kombajn\u00f3w chodnikowych oraz przeno\u015bnik\u00f3w zgrzeb\u0142owych.<\/p>\n<\/div><\/div>\n\n\n\n<div class=\"wp-block-cover has-background-dim-60 has-green-background-color has-background-dim has-parallax is-style-twentytwentyone-border\" style=\"background-image:url(https:\/\/marym.pl\/wp-content\/uploads\/2020\/12\/bill-1029278_1920.jpg);min-height:495px\"><div class=\"wp-block-cover__inner-container\">\n<p class=\"has-text-align-center has-black-color has-text-color has-large-font-size\">Potrzebujesz ?<\/p>\n<\/div><\/div>\n","protected":false},"excerpt":{"rendered":"<p>Jeste\u015bmy m\u0142od\u0105 lecz pr\u0119\u017cnie dzia\u0142aj\u0105c\u0105 firm\u0105 bran\u017cy g\u00f3rniczej. Nasza dzia\u0142alno\u015b\u0107 g\u0142\u00f3wnie skupia si\u0119 na us\u0142ugach remontowych i konserwacyjnych maszyn i wyrobisk g\u00f3rniczych. Wachlarz \u015bwiadczonych us\u0142ug obejmuje r\u00f3wnie\u017c kompleksowe doradztwo w kwestiach wydobywczych. Nasz personel korzystaj\u0105c ze swojej wiedzy jak i zdobytego do\u015bwiadczenia pomo\u017ce pa\u0144stwu dobra\u0107 najlepszy sprz\u0119t do prowadzonych przez pa\u0144stwa prac, zar\u00f3wno w kwestii&hellip; <a class=\"more-link\" href=\"https:\/\/marym.pl\/\">Czytaj dalej <span class=\"screen-reader-text\">Roboty G\u00f3rnicze<\/span><\/a><\/p>\n","protected":false},"author":1,"featured_media":0,"parent":0,"menu_order":0,"comment_status":"closed","ping_status":"closed","template":"","meta":[],"_links":{"self":[{"href":"https:\/\/marym.pl\/index.php?rest_route=\/wp\/v2\/pages\/6"}],"collection":[{"href":"https:\/\/marym.pl\/index.php?rest_route=\/wp\/v2\/pages"}],"about":[{"href":"https:\/\/marym.pl\/index.php?rest_route=\/wp\/v2\/types\/page"}],"author":[{"embeddable":true,"href":"https:\/\/marym.pl\/index.php?rest_route=\/wp\/v2\/users\/1"}],"replies":[{"embeddable":true,"href":"https:\/\/marym.pl\/index.php?rest_route=%2Fwp%2Fv2%2Fcomments&post=6"}],"version-history":[{"count":11,"href":"https:\/\/marym.pl\/index.php?rest_route=\/wp\/v2\/pages\/6\/revisions"}],"predecessor-version":[{"id":73,"href":"https:\/\/marym.pl\/index.php?rest_route=\/wp\/v2\/pages\/6\/revisions\/73"}],"wp:attachment":[{"href":"https:\/\/marym.pl\/index.php?rest_route=%2Fwp%2Fv2%2Fmedia&parent=6"}],"curies":[{"name":"wp","href":"https:\/\/api.w.org\/{rel}","templated":true}]}}